{"id":6084,"date":"2025-01-28T13:32:44","date_gmt":"2025-01-28T12:32:44","guid":{"rendered":"https:\/\/excelentis.org\/?page_id=6084"},"modified":"2025-01-28T13:32:47","modified_gmt":"2025-01-28T12:32:47","slug":"deklarate-per-aksesueshmerine-ne-internet","status":"publish","type":"page","link":"https:\/\/excelentis.org\/sq\/web-accessibility-statement\/","title":{"rendered":"Deklarata e aksesueshm\u00ebris\u00eb n\u00eb ueb"},"content":{"rendered":"<p>Deklarata e Aksesueshm\u00ebris\u00eb n\u00eb Ueb p\u00ebr Excelentis \u00ebsht\u00eb e p\u00ebrkushtuar p\u00ebr t\u00eb siguruar aksesueshm\u00ebri dixhitale p\u00ebr personat me aft\u00ebsi t\u00eb kufizuara. Ne po p\u00ebrmir\u00ebsojm\u00eb vazhdimisht p\u00ebrvoj\u00ebn e p\u00ebrdoruesit p\u00ebr t\u00eb gjith\u00eb dhe po zbatojm\u00eb standardet p\u00ebrkat\u00ebse t\u00eb aksesueshm\u00ebris\u00eb.<\/p>\n\n\n\n<h2 class=\"wp-block-heading\">Masat p\u00ebr t\u00eb Mb\u00ebshtetur Aksesueshm\u00ebrin\u00eb<\/h2>\n\n\n\n<p>Excelentis merr masat e m\u00ebposhtme p\u00ebr t\u00eb siguruar aksesin:<\/p>\n\n\n\n<ul class=\"wp-block-list\">\n<li>P\u00ebrfshirja e aksesueshm\u00ebris\u00eb si pjes\u00eb e deklarat\u00ebs son\u00eb t\u00eb misionit<\/li>\n\n\n\n<li>P\u00ebrfshirja e aksesueshm\u00ebris\u00eb n\u00eb t\u00eb gjitha politikat tona t\u00eb brendshme<\/li>\n\n\n\n<li>Ofroni trajnim t\u00eb vazhduesh\u00ebm p\u00ebr aksesueshm\u00ebrin\u00eb p\u00ebr stafin ton\u00eb<\/li>\n\n\n\n<li>Caktoni objektiva dhe p\u00ebrgjegj\u00ebsi t\u00eb qarta p\u00ebr aksesueshm\u00ebrin\u00eb<\/li>\n<\/ul>\n\n\n\n<h2 class=\"wp-block-heading\">Statusi i Konformitetit<\/h2>\n\n\n\n<p>Udh\u00ebzimet p\u00ebr Aksesueshm\u00ebrin\u00eb e P\u00ebrmbajtjes s\u00eb Uebit (WCAG) p\u00ebrcaktojn\u00eb k\u00ebrkesat p\u00ebr projektuesit dhe zhvilluesit p\u00ebr t\u00eb p\u00ebrmir\u00ebsuar aksesueshm\u00ebrin\u00eb p\u00ebr personat me aft\u00ebsi t\u00eb kufizuara. Ato p\u00ebrcaktojn\u00eb tre nivele konformiteti: Niveli A, Niveli AA dhe Niveli AAA. Excelentis \u00ebsht\u00eb pjes\u00ebrisht n\u00eb p\u00ebrputhje me WCAG 2.1 nivelin AA. Pjes\u00ebrisht n\u00eb p\u00ebrputhje do t\u00eb thot\u00eb q\u00eb disa pjes\u00eb t\u00eb p\u00ebrmbajtjes nuk jan\u00eb plot\u00ebsisht n\u00eb p\u00ebrputhje me standardet e aksesueshm\u00ebris\u00eb. Kjo deklarat\u00eb u krijua m\u00eb 28.01.2025.<\/p>\n\n\n\n<p><a href=\"https:\/\/excelentis.org\/sq\/\"><strong>Kthehu n\u00eb sht\u00ebpi<\/strong><\/a><\/p>","protected":false},"excerpt":{"rendered":"<p>Web Accessibility Statement for Excelentis is committed to ensuring digital accessibility for people with disabilities. We are continually improving the user experience for everyone and applying the relevant accessibility standards. Measures to Support Accessibility Excelentis takes the following measures to ensure accessibility: Conformance Status The Web Content Accessibility Guidelines (WCAG) define requirements for designers and&hellip;&nbsp;<\/p>\n<div class=\"read-more-wrapper\"><a href=\"https:\/\/excelentis.org\/sq\/web-accessibility-statement\/\" class=\"button button-primary\" rel=\"bookmark\">Lexo \u00bb<span class=\"screen-reader-text\">Deklarata e aksesueshm\u00ebris\u00eb n\u00eb ueb<\/span><\/a><\/div>","protected":false},"author":3,"featured_media":0,"parent":0,"menu_order":0,"comment_status":"closed","ping_status":"closed","template":"","meta":{"_uag_custom_page_level_css":"","neve_meta_sidebar":"","neve_meta_container":"","neve_meta_enable_content_width":"","neve_meta_content_width":0,"neve_meta_title_alignment":"","neve_meta_author_avatar":"","neve_post_elements_order":"","neve_meta_disable_header":"","neve_meta_disable_footer":"","neve_meta_disable_title":"","neve_meta_reading_time":"","footnotes":""},"class_list":["post-6084","page","type-page","status-publish","hentry"],"uagb_featured_image_src":{"full":false,"thumbnail":false,"medium":false,"medium_large":false,"large":false,"1536x1536":false,"2048x2048":false,"trp-custom-language-flag":false,"neve-blog":false,"woocommerce_thumbnail":false,"woocommerce_single":false,"woocommerce_gallery_thumbnail":false},"uagb_author_info":{"display_name":"Excelentis","author_link":"https:\/\/excelentis.org\/sq\/author\/excelentis\/"},"uagb_comment_info":0,"uagb_excerpt":"Web Accessibility Statement for Excelentis is committed to ensuring digital accessibility for people with disabilities. We are continually improving the user experience for everyone and applying the relevant accessibility standards. Measures to Support Accessibility Excelentis takes the following measures to ensure accessibility: Conformance Status The Web Content Accessibility Guidelines (WCAG) define requirements for designers and&hellip;&nbsp;Read&hellip;","_links":{"self":[{"href":"https:\/\/excelentis.org\/sq\/wp-json\/wp\/v2\/pages\/6084","targetHints":{"allow":["GET"]}}],"collection":[{"href":"https:\/\/excelentis.org\/sq\/wp-json\/wp\/v2\/pages"}],"about":[{"href":"https:\/\/excelentis.org\/sq\/wp-json\/wp\/v2\/types\/page"}],"author":[{"embeddable":true,"href":"https:\/\/excelentis.org\/sq\/wp-json\/wp\/v2\/users\/3"}],"replies":[{"embeddable":true,"href":"https:\/\/excelentis.org\/sq\/wp-json\/wp\/v2\/comments?post=6084"}],"version-history":[{"count":0,"href":"https:\/\/excelentis.org\/sq\/wp-json\/wp\/v2\/pages\/6084\/revisions"}],"wp:attachment":[{"href":"https:\/\/excelentis.org\/sq\/wp-json\/wp\/v2\/media?parent=6084"}],"curies":[{"name":"wp","href":"https:\/\/api.w.org\/{rel}","templated":true}]}}