{"id":6028,"date":"2025-01-21T16:32:50","date_gmt":"2025-01-21T15:32:50","guid":{"rendered":"https:\/\/excelentis.org\/?page_id=6028"},"modified":"2025-03-23T00:14:08","modified_gmt":"2025-03-22T23:14:08","slug":"mohim-pergjegjesie","status":"publish","type":"page","link":"https:\/\/excelentis.org\/sq\/disclaimer\/","title":{"rendered":"Mohim p\u00ebrgjegj\u00ebsie\u00a0"},"content":{"rendered":"<div data-elementor-type=\"wp-page\" data-elementor-id=\"6028\" class=\"elementor elementor-6028\" data-elementor-post-type=\"page\">\n\t\t\t\t<div data-particle_enable=\"false\" data-particle-mobile-disabled=\"false\" class=\"elementor-element elementor-element-2575b18a e-flex e-con-boxed e-con e-parent\" data-id=\"2575b18a\" data-element_type=\"container\" data-e-type=\"container\">\n\t\t\t\t\t<div class=\"e-con-inner\">\n\t\t\t\t<div class=\"elementor-element elementor-element-6172742d elementor-widget elementor-widget-text-editor\" data-id=\"6172742d\" data-element_type=\"widget\" data-e-type=\"widget\" data-widget_type=\"text-editor.default\">\n\t\t\t\t\t\t\t\t\t\n<h2 class=\"wp-block-heading\">P\u00ebrmbajtja e faqes s\u00eb internetit<\/h2>\n\n<p>Informacioni i dh\u00ebn\u00eb n\u00eb Excelentis.org \u00ebsht\u00eb vet\u00ebm p\u00ebr q\u00ebllime t\u00eb p\u00ebrgjithshme informative. Nd\u00ebrsa p\u00ebrpiqemi ta mbajm\u00eb informacionin t\u00eb p\u00ebrdit\u00ebsuar dhe t\u00eb sakt\u00eb, ne nuk japim asnj\u00eb deklarat\u00eb ose garanci t\u00eb asnj\u00eb lloji, t\u00eb shprehur ose t\u00eb n\u00ebnkuptuar, n\u00eb lidhje me plot\u00ebsin\u00eb, sakt\u00ebsin\u00eb, besueshm\u00ebrin\u00eb, p\u00ebrshtatshm\u00ebrin\u00eb ose disponueshm\u00ebrin\u00eb e informacionit, produkteve, sh\u00ebrbimeve ose grafik\u00ebve p\u00ebrkat\u00ebs t\u00eb p\u00ebrmbajtur n\u00eb faqen e internetit.<\/p>\n\n<h2 class=\"wp-block-heading\">K\u00ebshilla Mjek\u00ebsore<\/h2>\n\n<p>P\u00ebrmbajtja n\u00eb k\u00ebt\u00eb faqe interneti nuk ka p\u00ebr q\u00ebllim t\u00eb z\u00ebvend\u00ebsoj\u00eb k\u00ebshillat, diagnoz\u00ebn ose trajtimin mjek\u00ebsor profesional. Gjithmon\u00eb k\u00ebrkoni k\u00ebshill\u00ebn e mjekut tuaj ose t\u00eb nj\u00eb ofruesi tjet\u00ebr t\u00eb kualifikuar sh\u00ebndet\u00ebsor p\u00ebr \u00e7do pyetje q\u00eb mund t\u00eb keni n\u00eb lidhje me nj\u00eb gjendje mjek\u00ebsore. Mos e shp\u00ebrfillni kurr\u00eb k\u00ebshill\u00ebn mjek\u00ebsore profesionale ose mos vononi k\u00ebrkimin e saj p\u00ebr shkak t\u00eb di\u00e7kaje q\u00eb keni lexuar n\u00eb k\u00ebt\u00eb faqe interneti.<\/p>\n\n<h2 class=\"wp-block-heading\">Lidhje t\u00eb Jashtme<\/h2>\n\n<p>Kjo faqe interneti mund t\u00eb p\u00ebrmbaj\u00eb lidhje me faqe interneti t\u00eb jashtme q\u00eb nuk ofrohen ose mir\u00ebmbahen nga Excelentis.org. Ne nuk garantojm\u00eb sakt\u00ebsin\u00eb, r\u00ebnd\u00ebsin\u00eb, aktualitetin ose plot\u00ebsin\u00eb e ndonj\u00eb informacioni n\u00eb k\u00ebto faqe interneti t\u00eb jashtme.<\/p>\n\n<h2 class=\"wp-block-heading\">Kufizimi i P\u00ebrgjegj\u00ebsis\u00eb<\/h2>\n\n<p>N\u00eb asnj\u00eb rast Excelentis.org nuk do t\u00eb jet\u00eb p\u00ebrgjegj\u00ebse p\u00ebr ndonj\u00eb humbje ose d\u00ebmtim, duke p\u00ebrfshir\u00eb pa kufizim, humbjen ose d\u00ebmtimin indirekt ose pasues, ose \u00e7do humbje ose d\u00ebmtim \u00e7far\u00ebdo qoft\u00eb q\u00eb rrjedh nga humbja e t\u00eb dh\u00ebnave ose fitimeve q\u00eb rrjedhin nga, ose n\u00eb lidhje me, p\u00ebrdorimin e k\u00ebsaj faqeje interneti.<\/p>\n\n<h2 class=\"wp-block-heading\">Ndryshime n\u00eb faqen e internetit<\/h2>\n\n<p>Excelentis.org rezervon t\u00eb drejt\u00ebn p\u00ebr t\u00eb b\u00ebr\u00eb ndryshime n\u00eb faqen e internetit, politikat dhe kushtet e p\u00ebrdorimit n\u00eb \u00e7do koh\u00eb pa paralajm\u00ebrim. P\u00ebrdorimi juaj i vazhduesh\u00ebm i faqes pas postimit t\u00eb ndryshimeve p\u00ebrb\u00ebn pranimin tuaj t\u00eb k\u00ebtyre ndryshimeve.<\/p>\n\n<h2 class=\"wp-block-heading\">Ligji Rregullues<\/h2>\n\n<p>Ky mohim p\u00ebrgjegj\u00ebsie rregullohet dhe interpretohet n\u00eb p\u00ebrputhje me ligjet e Shqip\u00ebris\u00eb, Tiran\u00eb, dhe ju i n\u00ebnshtroheni n\u00eb m\u00ebnyr\u00eb t\u00eb pakthyeshme juridiksionit ekskluziv t\u00eb gjykatave n\u00eb at\u00eb vendndodhje.<\/p>\n\n<p>Duke p\u00ebrdorur <a href=\"https:\/\/excelentis.org\/sq\/\"><strong>Excelentis.org<\/strong><\/a>, ju n\u00ebnkuptoni pranimin tuaj t\u00eb k\u00ebtij mohimi p\u00ebrgjegj\u00ebsie. N\u00ebse nuk jeni dakord me k\u00ebt\u00eb mohim p\u00ebrgjegj\u00ebsie, ju lutemi mos e p\u00ebrdorni faqen ton\u00eb t\u00eb internetit.<\/p>\n\n<p>Ky mohim p\u00ebrgjegj\u00ebsie u p\u00ebrdit\u00ebsua p\u00ebr her\u00eb t\u00eb fundit m\u00eb 21 janar 2025.<\/p>\n\t\t\t\t\t\t\t\t<\/div>\n\t\t\t\t\t<\/div>\n\t\t\t\t<\/div>\n\t\t\t\t<\/div>","protected":false},"excerpt":{"rendered":"<p>Website Content The information provided on Excelentis.org is for general informational purposes only. While we strive to keep the information up to date and accurate, we make no representations or warranties of any kind, express or implied, about the completeness, accuracy, reliability, suitability, or availability of the information, products, services, or related graphics contained on&hellip;&nbsp;<\/p>\n<div class=\"read-more-wrapper\"><a href=\"https:\/\/excelentis.org\/sq\/disclaimer\/\" class=\"button button-primary\" rel=\"bookmark\">Lexo \u00bb<span class=\"screen-reader-text\">Mohim p\u00ebrgjegj\u00ebsie\u00a0<\/span><\/a><\/div>","protected":false},"author":3,"featured_media":0,"parent":0,"menu_order":0,"comment_status":"closed","ping_status":"closed","template":"elementor_header_footer","meta":{"_uag_custom_page_level_css":"","neve_meta_sidebar":"","neve_meta_container":"","neve_meta_enable_content_width":"","neve_meta_content_width":0,"neve_meta_title_alignment":"","neve_meta_author_avatar":"","neve_post_elements_order":"","neve_meta_disable_header":"","neve_meta_disable_footer":"","neve_meta_disable_title":"","neve_meta_reading_time":"","footnotes":""},"class_list":["post-6028","page","type-page","status-publish","hentry"],"uagb_featured_image_src":{"full":false,"thumbnail":false,"medium":false,"medium_large":false,"large":false,"1536x1536":false,"2048x2048":false,"trp-custom-language-flag":false,"neve-blog":false,"woocommerce_thumbnail":false,"woocommerce_single":false,"woocommerce_gallery_thumbnail":false},"uagb_author_info":{"display_name":"Excelentis","author_link":"https:\/\/excelentis.org\/sq\/author\/excelentis\/"},"uagb_comment_info":0,"uagb_excerpt":"Website Content The information provided on Excelentis.org is for general informational purposes only. While we strive to keep the information up to date and accurate, we make no representations or warranties of any kind, express or implied, about the completeness, accuracy, reliability, suitability, or availability of the information, products, services, or related graphics contained on&hellip;&nbsp;Read&hellip;","_links":{"self":[{"href":"https:\/\/excelentis.org\/sq\/wp-json\/wp\/v2\/pages\/6028","targetHints":{"allow":["GET"]}}],"collection":[{"href":"https:\/\/excelentis.org\/sq\/wp-json\/wp\/v2\/pages"}],"about":[{"href":"https:\/\/excelentis.org\/sq\/wp-json\/wp\/v2\/types\/page"}],"author":[{"embeddable":true,"href":"https:\/\/excelentis.org\/sq\/wp-json\/wp\/v2\/users\/3"}],"replies":[{"embeddable":true,"href":"https:\/\/excelentis.org\/sq\/wp-json\/wp\/v2\/comments?post=6028"}],"version-history":[{"count":0,"href":"https:\/\/excelentis.org\/sq\/wp-json\/wp\/v2\/pages\/6028\/revisions"}],"wp:attachment":[{"href":"https:\/\/excelentis.org\/sq\/wp-json\/wp\/v2\/media?parent=6028"}],"curies":[{"name":"wp","href":"https:\/\/api.w.org\/{rel}","templated":true}]}}