{"id":7416,"date":"2025-03-23T00:06:45","date_gmt":"2025-03-22T23:06:45","guid":{"rendered":"https:\/\/excelentis.org\/?page_id=7416"},"modified":"2025-03-23T00:08:54","modified_gmt":"2025-03-22T23:08:54","slug":"conditions-dutilisation-des-affilies","status":"publish","type":"page","link":"https:\/\/excelentis.org\/fr\/affiliate-terms-of-use\/","title":{"rendered":"Conditions d'utilisation de l'affiliation"},"content":{"rendered":"<div data-elementor-type=\"wp-page\" data-elementor-id=\"7416\" class=\"elementor elementor-7416\" data-elementor-post-type=\"page\">\n\t\t\t\t<div data-particle_enable=\"false\" data-particle-mobile-disabled=\"false\" class=\"elementor-element elementor-element-67b037af e-flex e-con-boxed e-con e-parent\" data-id=\"67b037af\" data-element_type=\"container\" data-e-type=\"container\">\n\t\t\t\t\t<div class=\"e-con-inner\">\n\t\t\t\t<div class=\"elementor-element elementor-element-155cd101 elementor-widget elementor-widget-text-editor\" data-id=\"155cd101\" data-element_type=\"widget\" data-e-type=\"widget\" data-widget_type=\"text-editor.default\">\n\t\t\t\t\t\t\t\t\t<h1 id=\"approval-or-rejection\">Conditions d'utilisation des affili\u00e9s<\/h1>\n\n<p>En tant qu'affili\u00e9 autoris\u00e9 (affili\u00e9) d'Excelentis, vous acceptez de vous conformer aux modalit\u00e9s et conditions contenues dans la pr\u00e9sente entente (entente). Veuillez lire attentivement l'ensemble de l'entente avant de vous inscrire et de faire la promotion d'Excelentis \u00e0 titre d'affili\u00e9.<\/p>\n\n<p>Votre participation au programme vise uniquement \u00e0 faire de la publicit\u00e9 l\u00e9gale sur notre site Web afin de recevoir une commission sur les adh\u00e9sions et les produits achet\u00e9s par les personnes r\u00e9f\u00e9r\u00e9es \u00e0 Excelentis par votre propre site Web ou par des r\u00e9f\u00e9rences personnelles.<\/p>\n\n<p>En vous inscrivant au programme d'affiliation d'Excelentis (le programme), vous indiquez que vous acceptez la pr\u00e9sente entente et ses modalit\u00e9s.<\/p>\n\n<h2 class=\"wp-block-heading\" id=\"approval-or-rejection\">Approbation ou rejet de la demande<\/h2>\n\n<p>Nous nous r\u00e9servons le droit d'approuver ou de rejeter TOUTE demande de programme d'affiliation \u00e0 notre seule et enti\u00e8re discr\u00e9tion. Vous n'aurez aucun recours l\u00e9gal contre nous en cas de rejet de votre demande de programme d'affiliation.<\/p>\n\n<h2 class=\"wp-block-heading\" id=\"commissions\">Commissions<\/h2>\n\n<p>Les commissions seront pay\u00e9es une fois par mois. Pour qu'un affili\u00e9 re\u00e7oive une commission, le compte r\u00e9f\u00e9renc\u00e9 doit rester actif pendant au moins 31 jours.<\/p>\n\n<p>Vous ne pouvez pas vous recommander vous-m\u00eame et vous ne recevrez pas de commission sur vos propres comptes.<\/p>\n\n<p>Les paiements ne seront envoy\u00e9s que pour les transactions qui ont \u00e9t\u00e9 effectu\u00e9es avec succ\u00e8s. Les transactions qui donnent lieu \u00e0 des r\u00e9trocessions ou \u00e0 des remboursements ne seront pas pay\u00e9es.<\/p>\n\n<h2 class=\"wp-block-heading\" id=\"termination\">Cessation d'activit\u00e9<\/h2>\n\n<p>Votre candidature d'affili\u00e9 et votre statut dans le programme peuvent \u00eatre suspendus ou r\u00e9sili\u00e9s pour l'une des raisons suivantes :<\/p>\n\n<ul class=\"wp-block-list\">\n<li>les publicit\u00e9s inappropri\u00e9es (fausses all\u00e9gations, liens hypertextes trompeurs, etc.).<\/li>\n<li>le pollupostage (envoi massif de courriels, de messages sur les groupes de discussion, etc.)<\/li>\n<li>La publicit\u00e9 sur des sites contenant ou promouvant des activit\u00e9s ill\u00e9gales.<\/li>\n<li>Absence de divulgation de la relation d'affiliation pour toute promotion qualifi\u00e9e d'approbation en vertu des lignes directrices et r\u00e9glementations existantes de la Federal Trade Commission ou de toute loi nationale applicable.<\/li>\n<li>Violation des droits de propri\u00e9t\u00e9 intellectuelle. Excelentis se r\u00e9serve le droit d'exiger des accords de licence de la part de ceux qui utilisent des marques de commerce d'Excelentis afin de prot\u00e9ger ses droits de propri\u00e9t\u00e9 intellectuelle.<\/li>\n<li>Offrir des rabais, des coupons ou toute autre forme de r\u00e9trocession promise de votre commission d'affili\u00e9 \u00e0 titre d'incitation. L'ajout de bonus ou le regroupement d'autres produits avec Excelentis est toutefois acceptable.<\/li>\n<li>Auto-recommandations, transactions frauduleuses, suspicion de fraude de la part d'un affili\u00e9.<\/li>\n<\/ul>\n\n<p>En plus de ce qui pr\u00e9c\u00e8de, Excelentis se r\u00e9serve le droit de mettre fin \u00e0 tout compte d'affili\u00e9 en tout temps, pour toute violation de la pr\u00e9sente entente ou sans raison.<\/p>\n\n<h2 class=\"wp-block-heading\" id=\"affiliate-links\">Liens d'affiliation<\/h2>\n\n<p>Vous pouvez utiliser des liens graphiques et textuels sur votre site web et dans vos messages \u00e9lectroniques. Vous pouvez \u00e9galement faire de la publicit\u00e9 pour le site Excelentis dans les petites annonces en ligne et hors ligne, les magazines et les journaux.<\/p>\n\n<p>Vous pouvez utiliser les graphiques et les textes que nous vous fournissons ou cr\u00e9er les v\u00f4tres, pour autant qu'ils soient jug\u00e9s appropri\u00e9s conform\u00e9ment aux conditions et qu'ils n'enfreignent pas les dispositions de la section \"R\u00e9siliation\".<\/p>\n\n<h2 class=\"wp-block-heading\" id=\"coupon-and-deal-sites\">Sites de coupons et de bonnes affaires<\/h2>\n\n<p>Excelentis offre occasionnellement des coupons \u00e0 certains de ses affili\u00e9s et aux abonn\u00e9s de sa lettre d'information. Si vous n'\u00eates pas pr\u00e9approuv\u00e9 \/ assign\u00e9 \u00e0 un coupon de marque, vous n'\u00eates pas autoris\u00e9 \u00e0 promouvoir le coupon. Vous trouverez ci-dessous les conditions qui s'appliquent \u00e0 tout affili\u00e9 qui envisage de promouvoir nos produits dans le cadre d'une offre ou d'un coupon :<\/p>\n\n<ul class=\"wp-block-list\">\n<li>Les affili\u00e9s ne peuvent pas utiliser de texte trompeur sur les liens, boutons ou images d'affiliation pour sugg\u00e9rer que tout ce qui n'est pas actuellement autoris\u00e9 concerne l'affili\u00e9 en question.<\/li>\n<li>Les affili\u00e9s ne peuvent pas ench\u00e9rir sur les coupons Excelentis, les remises Excelentis ou d'autres phrases impliquant que des coupons sont disponibles.<\/li>\n<li>Les affili\u00e9s ne peuvent pas g\u00e9n\u00e9rer de pop-ups, de pop-unders, d'iframes, de cadres ou d'autres actions visibles ou invisibles qui cr\u00e9ent des cookies d'affiliation, sauf si l'utilisateur a exprim\u00e9 un int\u00e9r\u00eat clair et explicite pour l'activation d'une \u00e9conomie sp\u00e9cifique en cliquant sur un lien, un bouton ou une image clairement identifi\u00e9(e) pour ce coupon ou cette offre particulier(e). Votre lien doit envoyer le visiteur sur le site du marchand.<\/li>\n<li>L'utilisateur doit \u00eatre en mesure de voir les informations et les d\u00e9tails relatifs aux coupons, aux offres et aux \u00e9conomies avant qu'un cookie d'affiliation ne soit install\u00e9 (c'est-\u00e0-dire que la mention \"cliquez ici pour voir les coupons et ouvrir une fen\u00eatre vers le site du commer\u00e7ant\" n'est PAS autoris\u00e9e).<\/li>\n<li>Les sites affili\u00e9s ne peuvent pas comporter la mention \"Cliquez pour (ou pour voir) une offre\/un bon de r\u00e9duction\" ou toute autre variante, lorsqu'il n'y a pas de bons de r\u00e9duction ou d'offres disponibles et que le clic ouvre le site du commer\u00e7ant ou installe un cookie. Les affili\u00e9s dont la page d'accueil du site marchand comporte un tel texte seront imm\u00e9diatement exclus du programme.<\/li>\n<\/ul>\n\n<h2 class=\"wp-block-heading\" id=\"ppc-policy\">Politique de paiement au clic (PPC)<\/h2>\n\n<p>Les ench\u00e8res PPC ne sont PAS autoris\u00e9es sans autorisation \u00e9crite pr\u00e9alable.<\/p>\n\n<h2 class=\"wp-block-heading\" id=\"liability\">Responsabilit\u00e9<\/h2>\n\n<p>Excelentis ne sera pas responsable des dommages indirects ou accidentels (perte de revenus, de commissions) dus aux d\u00e9faillances du suivi des affili\u00e9s, \u00e0 la perte de fichiers de base de donn\u00e9es, ou \u00e0 tout r\u00e9sultat d'intention de nuire au Programme et\/ou \u00e0 notre (nos) site(s) Web.<\/p>\n\n<p>Nous ne donnons aucune garantie expresse ou implicite \u00e0 l'\u00e9gard du programme et\/ou des adh\u00e9sions ou des produits vendus par Excelentis. Nous ne pr\u00e9tendons pas que le fonctionnement du programme et\/ou de notre (nos) site(s) Web sera exempt d'erreurs et nous ne serons pas responsables des interruptions ou des erreurs.<\/p>\n\n<h2 class=\"wp-block-heading\" id=\"term-of-agreement\">Dur\u00e9e de l'accord<\/h2>\n\n<p>La dur\u00e9e du pr\u00e9sent accord commence \u00e0 partir de votre acceptation dans le programme et se termine lorsque votre compte d'affili\u00e9 est r\u00e9sili\u00e9.<\/p>\n\n<p>Nous pouvons modifier les termes et conditions du pr\u00e9sent accord \u00e0 tout moment. Si une modification des termes et conditions du pr\u00e9sent accord est inacceptable pour vous, votre seul choix est de r\u00e9silier votre compte d'affili\u00e9. En continuant \u00e0 participer au programme, vous acceptez toute modification.<\/p>\n\n<h2 class=\"wp-block-heading\" id=\"indemnification\">Indemnisation<\/h2>\n\n<p>L'affili\u00e9 doit indemniser et d\u00e9gager de toute responsabilit\u00e9 Excelentis et ses soci\u00e9t\u00e9s affili\u00e9es et filiales, ses dirigeants, ses administrateurs, ses employ\u00e9s, ses licenci\u00e9s, ses successeurs et ses ayants droit, y compris ceux qui sont licenci\u00e9s ou autoris\u00e9s par Excelentis \u00e0 transmettre et \u00e0 distribuer du mat\u00e9riel, de toute responsabilit\u00e9, de tout dommage, de toute amende, de tout jugement, de toute r\u00e9clamation, de tout co\u00fbt, de toute perte et de toute d\u00e9pense (y compris les frais et les co\u00fbts juridiques raisonnables) d\u00e9coulant de ou li\u00e9s \u00e0 toute r\u00e9clamation subie dans le cadre de la pr\u00e9sente entente en raison de la n\u00e9gligence, de la fausse d\u00e9claration, de l'omission de divulguer ou de l'inconduite intentionnelle de l'affili\u00e9.<\/p>\n\n<h2 class=\"wp-block-heading\" id=\"electronic-signatures-effective\">Signatures \u00e9lectroniques efficaces<\/h2>\n\n<p>La convention est un contrat \u00e9lectronique qui \u00e9nonce les conditions juridiquement contraignantes de votre participation au programme d'affiliation d'Excelentis. En compl\u00e9tant le processus de demande d'adh\u00e9sion \u00e0 Excelentis, vous indiquez que vous acceptez la pr\u00e9sente convention et toutes les conditions qu'elle contient ou auxquelles elle fait r\u00e9f\u00e9rence. Cette action cr\u00e9e une signature \u00e9lectronique qui a la m\u00eame force et le m\u00eame effet juridique qu'une signature manuscrite.<\/p>\n\n<p>\u00a0<\/p>\t\t\t\t\t\t\t\t<\/div>\n\t\t\t\t\t<\/div>\n\t\t\t\t<\/div>\n\t\t\t\t<\/div>","protected":false},"excerpt":{"rendered":"<p>Affiliates Terms of Use As an authorized affiliate (Affiliate) of Excelentis, you agree to abide by the terms and conditions contained in this Agreement (Agreement). Please read the entire Agreement carefully before registering and promoting Excelentis as an Affiliate. Your participation in the Program is solely to legally advertise our website to receive a commission&hellip;&nbsp;<\/p>\n<div class=\"read-more-wrapper\"><a href=\"https:\/\/excelentis.org\/fr\/affiliate-terms-of-use\/\" class=\"button button-primary\" rel=\"bookmark\">Lire \"<span class=\"screen-reader-text\">Conditions d'utilisation de l'affiliation<\/span><\/a><\/div>","protected":false},"author":3,"featured_media":0,"parent":0,"menu_order":0,"comment_status":"closed","ping_status":"closed","template":"elementor_header_footer","meta":{"_uag_custom_page_level_css":"","neve_meta_sidebar":"","neve_meta_container":"","neve_meta_enable_content_width":"","neve_meta_content_width":0,"neve_meta_title_alignment":"","neve_meta_author_avatar":"","neve_post_elements_order":"","neve_meta_disable_header":"","neve_meta_disable_footer":"","neve_meta_disable_title":"","neve_meta_reading_time":"","footnotes":""},"class_list":["post-7416","page","type-page","status-publish","hentry"],"uagb_featured_image_src":{"full":false,"thumbnail":false,"medium":false,"medium_large":false,"large":false,"1536x1536":false,"2048x2048":false,"trp-custom-language-flag":false,"neve-blog":false,"woocommerce_thumbnail":false,"woocommerce_single":false,"woocommerce_gallery_thumbnail":false},"uagb_author_info":{"display_name":"Excelentis","author_link":"https:\/\/excelentis.org\/fr\/author\/excelentis\/"},"uagb_comment_info":0,"uagb_excerpt":"Affiliates Terms of Use As an authorized affiliate (Affiliate) of Excelentis, you agree to abide by the terms and conditions contained in this Agreement (Agreement). Please read the entire Agreement carefully before registering and promoting Excelentis as an Affiliate. Your participation in the Program is solely to legally advertise our website to receive a commission&hellip;&nbsp;Read\u2026","_links":{"self":[{"href":"https:\/\/excelentis.org\/fr\/wp-json\/wp\/v2\/pages\/7416","targetHints":{"allow":["GET"]}}],"collection":[{"href":"https:\/\/excelentis.org\/fr\/wp-json\/wp\/v2\/pages"}],"about":[{"href":"https:\/\/excelentis.org\/fr\/wp-json\/wp\/v2\/types\/page"}],"author":[{"embeddable":true,"href":"https:\/\/excelentis.org\/fr\/wp-json\/wp\/v2\/users\/3"}],"replies":[{"embeddable":true,"href":"https:\/\/excelentis.org\/fr\/wp-json\/wp\/v2\/comments?post=7416"}],"version-history":[{"count":0,"href":"https:\/\/excelentis.org\/fr\/wp-json\/wp\/v2\/pages\/7416\/revisions"}],"wp:attachment":[{"href":"https:\/\/excelentis.org\/fr\/wp-json\/wp\/v2\/media?parent=7416"}],"curies":[{"name":"wp","href":"https:\/\/api.w.org\/{rel}","templated":true}]}}