{"id":6084,"date":"2025-01-28T13:32:44","date_gmt":"2025-01-28T12:32:44","guid":{"rendered":"https:\/\/excelentis.org\/?page_id=6084"},"modified":"2025-01-28T13:32:47","modified_gmt":"2025-01-28T12:32:47","slug":"declaration-daccessibilite-du-web","status":"publish","type":"page","link":"https:\/\/excelentis.org\/fr\/web-accessibility-statement\/","title":{"rendered":"D\u00e9claration d'accessibilit\u00e9 du web"},"content":{"rendered":"<p>D\u00e9claration d'accessibilit\u00e9 du Web pour Excelentis s'engage \u00e0 garantir l'accessibilit\u00e9 num\u00e9rique pour les personnes handicap\u00e9es. Nous am\u00e9liorons continuellement l'exp\u00e9rience utilisateur pour tous et appliquons les normes d'accessibilit\u00e9 pertinentes.<\/p>\n\n\n\n<h2 class=\"wp-block-heading\">Mesures en faveur de l'accessibilit\u00e9<\/h2>\n\n\n\n<p>Excelentis prend les mesures suivantes pour garantir l'accessibilit\u00e9 :<\/p>\n\n\n\n<ul class=\"wp-block-list\">\n<li>Inclure l'accessibilit\u00e9 dans notre d\u00e9claration de mission<\/li>\n\n\n\n<li>Inclure l'accessibilit\u00e9 dans nos politiques internes<\/li>\n\n\n\n<li>Assurer une formation continue de notre personnel en mati\u00e8re d'accessibilit\u00e9<\/li>\n\n\n\n<li>Attribuer des objectifs et des responsabilit\u00e9s clairs en mati\u00e8re d'accessibilit\u00e9<\/li>\n<\/ul>\n\n\n\n<h2 class=\"wp-block-heading\">\u00c9tat de conformit\u00e9<\/h2>\n\n\n\n<p>Les lignes directrices pour l'accessibilit\u00e9 des contenus web (WCAG) d\u00e9finissent des exigences pour les concepteurs et les d\u00e9veloppeurs afin d'am\u00e9liorer l'accessibilit\u00e9 pour les personnes handicap\u00e9es. Elles d\u00e9finissent trois niveaux de conformit\u00e9 : Niveau A, Niveau AA et Niveau AAA. Excelentis est partiellement conforme au niveau AA des WCAG 2.1. Une conformit\u00e9 partielle signifie que certaines parties du contenu ne sont pas enti\u00e8rement conformes aux normes d'accessibilit\u00e9.Cette d\u00e9claration a \u00e9t\u00e9 cr\u00e9\u00e9e le 28.01.2025.<\/p>\n\n\n\n<p><a href=\"https:\/\/excelentis.org\/fr\/\"><strong>Retour \u00e0 la maison<\/strong><\/a><\/p>","protected":false},"excerpt":{"rendered":"<p>Web Accessibility Statement for Excelentis is committed to ensuring digital accessibility for people with disabilities. We are continually improving the user experience for everyone and applying the relevant accessibility standards. Measures to Support Accessibility Excelentis takes the following measures to ensure accessibility: Conformance Status The Web Content Accessibility Guidelines (WCAG) define requirements for designers and&hellip;&nbsp;<\/p>\n<div class=\"read-more-wrapper\"><a href=\"https:\/\/excelentis.org\/fr\/web-accessibility-statement\/\" class=\"button button-primary\" rel=\"bookmark\">Lire \"<span class=\"screen-reader-text\">D\u00e9claration d'accessibilit\u00e9 du web<\/span><\/a><\/div>","protected":false},"author":3,"featured_media":0,"parent":0,"menu_order":0,"comment_status":"closed","ping_status":"closed","template":"","meta":{"_uag_custom_page_level_css":"","neve_meta_sidebar":"","neve_meta_container":"","neve_meta_enable_content_width":"","neve_meta_content_width":0,"neve_meta_title_alignment":"","neve_meta_author_avatar":"","neve_post_elements_order":"","neve_meta_disable_header":"","neve_meta_disable_footer":"","neve_meta_disable_title":"","neve_meta_reading_time":"","footnotes":""},"class_list":["post-6084","page","type-page","status-publish","hentry"],"uagb_featured_image_src":{"full":false,"thumbnail":false,"medium":false,"medium_large":false,"large":false,"1536x1536":false,"2048x2048":false,"trp-custom-language-flag":false,"neve-blog":false,"woocommerce_thumbnail":false,"woocommerce_single":false,"woocommerce_gallery_thumbnail":false},"uagb_author_info":{"display_name":"Excelentis","author_link":"https:\/\/excelentis.org\/fr\/author\/excelentis\/"},"uagb_comment_info":0,"uagb_excerpt":"Web Accessibility Statement for Excelentis is committed to ensuring digital accessibility for people with disabilities. We are continually improving the user experience for everyone and applying the relevant accessibility standards. Measures to Support Accessibility Excelentis takes the following measures to ensure accessibility: Conformance Status The Web Content Accessibility Guidelines (WCAG) define requirements for designers and&hellip;&nbsp;Read\u2026","_links":{"self":[{"href":"https:\/\/excelentis.org\/fr\/wp-json\/wp\/v2\/pages\/6084","targetHints":{"allow":["GET"]}}],"collection":[{"href":"https:\/\/excelentis.org\/fr\/wp-json\/wp\/v2\/pages"}],"about":[{"href":"https:\/\/excelentis.org\/fr\/wp-json\/wp\/v2\/types\/page"}],"author":[{"embeddable":true,"href":"https:\/\/excelentis.org\/fr\/wp-json\/wp\/v2\/users\/3"}],"replies":[{"embeddable":true,"href":"https:\/\/excelentis.org\/fr\/wp-json\/wp\/v2\/comments?post=6084"}],"version-history":[{"count":0,"href":"https:\/\/excelentis.org\/fr\/wp-json\/wp\/v2\/pages\/6084\/revisions"}],"wp:attachment":[{"href":"https:\/\/excelentis.org\/fr\/wp-json\/wp\/v2\/media?parent=6084"}],"curies":[{"name":"wp","href":"https:\/\/api.w.org\/{rel}","templated":true}]}}