{"id":6028,"date":"2025-01-21T16:32:50","date_gmt":"2025-01-21T15:32:50","guid":{"rendered":"https:\/\/excelentis.org\/?page_id=6028"},"modified":"2025-03-23T00:14:08","modified_gmt":"2025-03-22T23:14:08","slug":"clause-de-non-responsabilite","status":"publish","type":"page","link":"https:\/\/excelentis.org\/fr\/disclaimer\/","title":{"rendered":"Clause de non-responsabilit\u00e9\u00a0"},"content":{"rendered":"<div data-elementor-type=\"wp-page\" data-elementor-id=\"6028\" class=\"elementor elementor-6028\" data-elementor-post-type=\"page\">\n\t\t\t\t<div data-particle_enable=\"false\" data-particle-mobile-disabled=\"false\" class=\"elementor-element elementor-element-2575b18a e-flex e-con-boxed e-con e-parent\" data-id=\"2575b18a\" data-element_type=\"container\" data-e-type=\"container\">\n\t\t\t\t\t<div class=\"e-con-inner\">\n\t\t\t\t<div class=\"elementor-element elementor-element-6172742d elementor-widget elementor-widget-text-editor\" data-id=\"6172742d\" data-element_type=\"widget\" data-e-type=\"widget\" data-widget_type=\"text-editor.default\">\n\t\t\t\t\t\t\t\t\t\n<h2 class=\"wp-block-heading\">Contenu du site web<\/h2>\n\n<p>Les informations fournies sur Excelentis.org le sont \u00e0 titre d'information g\u00e9n\u00e9rale uniquement. Bien que nous nous efforcions de maintenir les informations \u00e0 jour et exactes, nous ne faisons aucune d\u00e9claration ni ne donnons aucune garantie, expresse ou implicite, quant \u00e0 l'exhaustivit\u00e9, l'exactitude, la fiabilit\u00e9, l'ad\u00e9quation ou la disponibilit\u00e9 des informations, des produits, des services ou des graphiques connexes contenus sur le site web.<\/p>\n\n<h2 class=\"wp-block-heading\">Avis m\u00e9dical<\/h2>\n\n<p>Le contenu de ce site web n'est pas destin\u00e9 \u00e0 se substituer \u00e0 un avis m\u00e9dical professionnel, \u00e0 un diagnostic ou \u00e0 un traitement. Demandez toujours l'avis de votre m\u00e9decin ou d'un autre professionnel de la sant\u00e9 qualifi\u00e9 pour toute question relative \u00e0 un probl\u00e8me m\u00e9dical. Ne n\u00e9gligez jamais les conseils d'un professionnel de la sant\u00e9 et ne tardez pas \u00e0 le faire en raison de ce que vous avez lu sur ce site web.<\/p>\n\n<h2 class=\"wp-block-heading\">Liens externes<\/h2>\n\n<p>Ce site web peut contenir des liens vers des sites web externes qui ne sont pas fournis ou maintenus par Excelentis.org. Nous ne garantissons pas l'exactitude, la pertinence, l'actualit\u00e9 ou l'exhaustivit\u00e9 des informations figurant sur ces sites externes.<\/p>\n\n<h2 class=\"wp-block-heading\">Limitation de la responsabilit\u00e9<\/h2>\n\n<p>Excelentis.org ne sera en aucun cas responsable des pertes ou dommages, y compris, sans limitation, les pertes ou dommages indirects ou cons\u00e9cutifs, ou toute perte ou dommage d\u00e9coulant de la perte de donn\u00e9es ou de b\u00e9n\u00e9fices r\u00e9sultant de, ou en relation avec, l'utilisation de ce site web.<\/p>\n\n<h2 class=\"wp-block-heading\">Changements sur le site web<\/h2>\n\n<p>Excelentis.org se r\u00e9serve le droit de modifier le site Web, les politiques et les conditions d'utilisation en tout temps et sans pr\u00e9avis. En continuant \u00e0 utiliser le site apr\u00e8s l'affichage des changements, vous acceptez ces changements.<\/p>\n\n<h2 class=\"wp-block-heading\">Droit applicable<\/h2>\n\n<p>La pr\u00e9sente clause de non-responsabilit\u00e9 est r\u00e9gie et interpr\u00e9t\u00e9e conform\u00e9ment aux lois de l'Albanie, Tirana, et vous vous soumettez irr\u00e9vocablement \u00e0 la juridiction exclusive des tribunaux de ce lieu.<\/p>\n\n<p>En utilisant <a href=\"https:\/\/excelentis.org\/fr\/\"><strong>Excelentis.org<\/strong><\/a>vous signifiez votre acceptation de cette clause de non-responsabilit\u00e9. Si vous n'acceptez pas cette clause de non-responsabilit\u00e9, veuillez ne pas utiliser notre site web.<\/p>\n\n<p>Cette clause de non-responsabilit\u00e9 a \u00e9t\u00e9 mise \u00e0 jour pour la derni\u00e8re fois le 21 janvier 2025.<\/p>\n\t\t\t\t\t\t\t\t<\/div>\n\t\t\t\t\t<\/div>\n\t\t\t\t<\/div>\n\t\t\t\t<\/div>","protected":false},"excerpt":{"rendered":"<p>Website Content The information provided on Excelentis.org is for general informational purposes only. While we strive to keep the information up to date and accurate, we make no representations or warranties of any kind, express or implied, about the completeness, accuracy, reliability, suitability, or availability of the information, products, services, or related graphics contained on&hellip;&nbsp;<\/p>\n<div class=\"read-more-wrapper\"><a href=\"https:\/\/excelentis.org\/fr\/disclaimer\/\" class=\"button button-primary\" rel=\"bookmark\">Lire \"<span class=\"screen-reader-text\">Clause de non-responsabilit\u00e9\u00a0<\/span><\/a><\/div>","protected":false},"author":3,"featured_media":0,"parent":0,"menu_order":0,"comment_status":"closed","ping_status":"closed","template":"elementor_header_footer","meta":{"_uag_custom_page_level_css":"","neve_meta_sidebar":"","neve_meta_container":"","neve_meta_enable_content_width":"","neve_meta_content_width":0,"neve_meta_title_alignment":"","neve_meta_author_avatar":"","neve_post_elements_order":"","neve_meta_disable_header":"","neve_meta_disable_footer":"","neve_meta_disable_title":"","neve_meta_reading_time":"","footnotes":""},"class_list":["post-6028","page","type-page","status-publish","hentry"],"uagb_featured_image_src":{"full":false,"thumbnail":false,"medium":false,"medium_large":false,"large":false,"1536x1536":false,"2048x2048":false,"trp-custom-language-flag":false,"neve-blog":false,"woocommerce_thumbnail":false,"woocommerce_single":false,"woocommerce_gallery_thumbnail":false},"uagb_author_info":{"display_name":"Excelentis","author_link":"https:\/\/excelentis.org\/fr\/author\/excelentis\/"},"uagb_comment_info":0,"uagb_excerpt":"Website Content The information provided on Excelentis.org is for general informational purposes only. While we strive to keep the information up to date and accurate, we make no representations or warranties of any kind, express or implied, about the completeness, accuracy, reliability, suitability, or availability of the information, products, services, or related graphics contained on&hellip;&nbsp;Read\u2026","_links":{"self":[{"href":"https:\/\/excelentis.org\/fr\/wp-json\/wp\/v2\/pages\/6028","targetHints":{"allow":["GET"]}}],"collection":[{"href":"https:\/\/excelentis.org\/fr\/wp-json\/wp\/v2\/pages"}],"about":[{"href":"https:\/\/excelentis.org\/fr\/wp-json\/wp\/v2\/types\/page"}],"author":[{"embeddable":true,"href":"https:\/\/excelentis.org\/fr\/wp-json\/wp\/v2\/users\/3"}],"replies":[{"embeddable":true,"href":"https:\/\/excelentis.org\/fr\/wp-json\/wp\/v2\/comments?post=6028"}],"version-history":[{"count":0,"href":"https:\/\/excelentis.org\/fr\/wp-json\/wp\/v2\/pages\/6028\/revisions"}],"wp:attachment":[{"href":"https:\/\/excelentis.org\/fr\/wp-json\/wp\/v2\/media?parent=6028"}],"curies":[{"name":"wp","href":"https:\/\/api.w.org\/{rel}","templated":true}]}}