{"id":7416,"date":"2025-03-23T00:06:45","date_gmt":"2025-03-22T23:06:45","guid":{"rendered":"https:\/\/excelentis.org\/?page_id=7416"},"modified":"2025-03-23T00:08:54","modified_gmt":"2025-03-22T23:08:54","slug":"condiciones-de-uso-para-afiliados","status":"publish","type":"page","link":"https:\/\/excelentis.org\/es\/affiliate-terms-of-use\/","title":{"rendered":"Condiciones de uso para afiliados"},"content":{"rendered":"<div data-elementor-type=\"wp-page\" data-elementor-id=\"7416\" class=\"elementor elementor-7416\" data-elementor-post-type=\"page\">\n\t\t\t\t<div data-particle_enable=\"false\" data-particle-mobile-disabled=\"false\" class=\"elementor-element elementor-element-67b037af e-flex e-con-boxed e-con e-parent\" data-id=\"67b037af\" data-element_type=\"container\" data-e-type=\"container\">\n\t\t\t\t\t<div class=\"e-con-inner\">\n\t\t\t\t<div class=\"elementor-element elementor-element-155cd101 elementor-widget elementor-widget-text-editor\" data-id=\"155cd101\" data-element_type=\"widget\" data-e-type=\"widget\" data-widget_type=\"text-editor.default\">\n\t\t\t\t\t\t\t\t\t<h1 id=\"approval-or-rejection\">Afiliados Condiciones de uso<\/h1>\n\n<p>Como afiliado autorizado (Afiliado) de Excelentis, acepta cumplir los t\u00e9rminos y condiciones contenidos en el presente Acuerdo (Acuerdo). Lea detenidamente todo el Acuerdo antes de registrarse y promocionar Excelentis como afiliado.<\/p>\n\n<p>Su participaci\u00f3n en el Programa tiene como \u00fanico fin publicitar legalmente nuestro sitio web para recibir una comisi\u00f3n por las afiliaciones y productos adquiridos por personas remitidas a Excelentis por su propio sitio web o por referencias personales.<\/p>\n\n<p>Al inscribirse en el Programa de Afiliaci\u00f3n de Excelentis (Programa), indica que acepta este Acuerdo y sus t\u00e9rminos y condiciones.<\/p>\n\n<h2 class=\"wp-block-heading\" id=\"approval-or-rejection\">Aprobaci\u00f3n o rechazo de la solicitud<\/h2>\n\n<p>Nos reservamos el derecho a aprobar o rechazar CUALQUIER Solicitud de Programa de Afiliaci\u00f3n a nuestra entera y absoluta discreci\u00f3n. Usted no tendr\u00e1 ning\u00fan recurso legal contra nosotros por el rechazo de su Solicitud de Programa de Afiliados.<\/p>\n\n<h2 class=\"wp-block-heading\" id=\"commissions\">Comisiones<\/h2>\n\n<p>Las comisiones se pagar\u00e1n una vez al mes. Para que un afiliado reciba una comisi\u00f3n, la cuenta referida debe permanecer activa durante un m\u00ednimo de 31 d\u00edas.<\/p>\n\n<p>No puede referirse a s\u00ed mismo y no recibir\u00e1 ninguna comisi\u00f3n por sus propias cuentas.<\/p>\n\n<p>S\u00f3lo se enviar\u00e1n pagos por transacciones que se hayan completado con \u00e9xito. Las transacciones que den lugar a devoluciones o reembolsos no se abonar\u00e1n.<\/p>\n\n<h2 class=\"wp-block-heading\" id=\"termination\">Terminaci\u00f3n<\/h2>\n\n<p>Su solicitud de afiliaci\u00f3n y su estatus en el Programa pueden ser suspendidos o cancelados por cualquiera de las siguientes razones:<\/p>\n\n<ul class=\"wp-block-list\">\n<li>Anuncios inapropiados (afirmaciones falsas, hiperv\u00ednculos enga\u00f1osos, etc.).<\/li>\n<li>Spamming (correo electr\u00f3nico masivo, publicaci\u00f3n masiva en grupos de noticias, etc.).<\/li>\n<li>Publicidad en sitios que contengan o promuevan actividades ilegales.<\/li>\n<li>No revelar la relaci\u00f3n de afiliaci\u00f3n en el caso de cualquier promoci\u00f3n que pueda calificarse de promoci\u00f3n seg\u00fan las directrices y reglamentos vigentes de la Comisi\u00f3n Federal de Comercio o cualquier ley estatal aplicable.<\/li>\n<li>Violaci\u00f3n de los derechos de propiedad intelectual. Excelentis se reserva el derecho a exigir acuerdos de licencia a quienes empleen marcas registradas de Excelentis con el fin de proteger nuestros derechos de propiedad intelectual.<\/li>\n<li>Ofrecer reembolsos, cupones u otra forma de devoluci\u00f3n prometida de su comisi\u00f3n de afiliado como incentivo. Sin embargo, es aceptable a\u00f1adir bonificaciones o agrupar otros productos con Excelentis.<\/li>\n<li>Auto-referencias, transacciones fraudulentas, sospechas de fraude de afiliados.<\/li>\n<\/ul>\n\n<p>Adem\u00e1s de lo anterior, Excelentis se reserva el derecho a cancelar cualquier cuenta de afiliado en cualquier momento, por cualquier infracci\u00f3n del presente Acuerdo o sin motivo alguno.<\/p>\n\n<h2 class=\"wp-block-heading\" id=\"affiliate-links\">Enlaces afiliados<\/h2>\n\n<p>Puede utilizar enlaces gr\u00e1ficos y de texto tanto en su sitio web como en sus mensajes de correo electr\u00f3nico. Tambi\u00e9n puede anunciar el sitio Excelentis en anuncios clasificados en l\u00ednea y fuera de l\u00ednea, revistas y peri\u00f3dicos.<\/p>\n\n<p>Usted puede utilizar los gr\u00e1ficos y textos proporcionados por nosotros, o puede crear los suyos propios siempre que se consideren apropiados de acuerdo con las condiciones y no infrinjan lo indicado en la secci\u00f3n Rescisi\u00f3n.<\/p>\n\n<h2 class=\"wp-block-heading\" id=\"coupon-and-deal-sites\">Sitios de cupones y ofertas<\/h2>\n\n<p>Excelentis ofrece ocasionalmente cupones a afiliados seleccionados y a nuestros suscriptores del bolet\u00edn de noticias. Si no est\u00e1 pre-aprobado \/ asignado un cup\u00f3n de marca, entonces no se le permite promover el cup\u00f3n. A continuaci\u00f3n se detallan los t\u00e9rminos que se aplican a cualquier afiliado que est\u00e9 considerando la promoci\u00f3n de nuestros productos en relaci\u00f3n con una oferta o cup\u00f3n:<\/p>\n\n<ul class=\"wp-block-list\">\n<li>Los afiliados no podr\u00e1n utilizar texto enga\u00f1oso en los enlaces, botones o im\u00e1genes de afiliados para dar a entender que algo distinto de las ofertas actualmente autorizadas se dirige al afiliado espec\u00edfico.<\/li>\n<li>Los afiliados no pueden pujar por Cupones Excelentis, Descuentos Excelentis u otras frases que impliquen que hay cupones disponibles.<\/li>\n<li>Los afiliados no pueden generar pop-ups, pop-unders, iframes, frames o cualquier otra acci\u00f3n vista o no vista que establezca cookies de afiliaci\u00f3n, a menos que el usuario haya expresado un inter\u00e9s claro y expl\u00edcito en activar un ahorro espec\u00edfico haciendo clic en un enlace, bot\u00f3n o imagen claramente marcados para ese cup\u00f3n u oferta en particular. Su enlace debe enviar al visitante al sitio del comerciante.<\/li>\n<li>El usuario debe poder ver la informaci\u00f3n y los detalles del cup\u00f3n\/de la oferta\/del ahorro antes de que se instale una cookie de afiliado (es decir, NO se permite \"haga clic aqu\u00ed para ver los cupones y abrir una ventana al sitio del comerciante\").<\/li>\n<li>Los sitios de afiliados no podr\u00e1n incluir el texto \"Haga clic para (o para ver) la oferta\/cup\u00f3n\" ni ninguna variante, cuando no haya cupones ni ofertas disponibles y el clic abra el sitio del comerciante o establezca una cookie. Los afiliados que incluyan este tipo de texto en la p\u00e1gina de destino del comerciante ser\u00e1n eliminados inmediatamente del programa.<\/li>\n<\/ul>\n\n<h2 class=\"wp-block-heading\" id=\"ppc-policy\">Pol\u00edtica de pago por clic (PPC)<\/h2>\n\n<p>NO se permiten las pujas PPC sin autorizaci\u00f3n previa por escrito.<\/p>\n\n<h2 class=\"wp-block-heading\" id=\"liability\">Responsabilidad<\/h2>\n\n<p>Excelentis no ser\u00e1 responsable de da\u00f1os indirectos o accidentales (p\u00e9rdida de ingresos, comisiones) debidos a fallos en el seguimiento de afiliados, p\u00e9rdida de archivos de bases de datos, o cualquier resultado de intentos de da\u00f1o al Programa y\/o a nuestro(s) sitio(s) web.<\/p>\n\n<p>No ofrecemos ninguna garant\u00eda expresa o impl\u00edcita con respecto al Programa y\/o las afiliaciones o productos vendidos por Excelentis. No afirmamos que el funcionamiento del Programa y\/o de nuestro(s) sitio(s) web est\u00e9 libre de errores y no seremos responsables de ninguna interrupci\u00f3n o error.<\/p>\n\n<h2 class=\"wp-block-heading\" id=\"term-of-agreement\">Vigencia del Acuerdo<\/h2>\n\n<p>La vigencia del presente Acuerdo comienza en el momento de su aceptaci\u00f3n en el Programa y finalizar\u00e1 cuando se cancele su cuenta de afiliado.<\/p>\n\n<p>Los t\u00e9rminos y condiciones de este acuerdo pueden ser modificados por nosotros en cualquier momento. Si alguna modificaci\u00f3n de los t\u00e9rminos y condiciones de este acuerdo es inaceptable para usted, su \u00fanica opci\u00f3n es cancelar su cuenta de afiliado. Su participaci\u00f3n continuada en el Programa constituir\u00e1 su aceptaci\u00f3n de cualquier cambio.<\/p>\n\n<h2 class=\"wp-block-heading\" id=\"indemnification\">Indemnizaci\u00f3n<\/h2>\n\n<p>El afiliado indemnizar\u00e1 y mantendr\u00e1 indemne a Excelentis y a sus empresas afiliadas y subsidiarias, funcionarios, directores, empleados, licenciatarios, sucesores y cesionarios, incluidos aquellos con licencia o autorizados por Excelentis para transmitir y distribuir materiales, de toda responsabilidad, da\u00f1os, multas, sentencias, reclamaciones, costes, p\u00e9rdidas y gastos (incluidos honorarios y costes legales razonables) derivados o relacionados con todas y cada una de las reclamaciones sufridas en relaci\u00f3n con el presente contrato debido a negligencia, tergiversaci\u00f3n, omisi\u00f3n de informaci\u00f3n o mala conducta intencionada del afiliado.<\/p>\n\n<h2 class=\"wp-block-heading\" id=\"electronic-signatures-effective\">Firma electr\u00f3nica efectiva<\/h2>\n\n<p>El Acuerdo es un contrato electr\u00f3nico que establece los t\u00e9rminos legalmente vinculantes de su participaci\u00f3n en el programa de afiliaci\u00f3n de Excelentis. Usted indica su aceptaci\u00f3n de este Acuerdo y de todos los t\u00e9rminos y condiciones contenidos o referenciados en este Acuerdo completando el proceso de solicitud de Excelentis. Esta acci\u00f3n crea una firma electr\u00f3nica que tiene la misma fuerza y efecto legal que una firma manuscrita.<\/p>\n\n<p>\u00a0<\/p>\t\t\t\t\t\t\t\t<\/div>\n\t\t\t\t\t<\/div>\n\t\t\t\t<\/div>\n\t\t\t\t<\/div>","protected":false},"excerpt":{"rendered":"<p>Affiliates Terms of Use As an authorized affiliate (Affiliate) of Excelentis, you agree to abide by the terms and conditions contained in this Agreement (Agreement). Please read the entire Agreement carefully before registering and promoting Excelentis as an Affiliate. Your participation in the Program is solely to legally advertise our website to receive a commission&hellip;&nbsp;<\/p>\n<div class=\"read-more-wrapper\"><a href=\"https:\/\/excelentis.org\/es\/affiliate-terms-of-use\/\" class=\"button button-primary\" rel=\"bookmark\">Leer \"<span class=\"screen-reader-text\">Condiciones de uso para afiliados<\/span><\/a><\/div>","protected":false},"author":3,"featured_media":0,"parent":0,"menu_order":0,"comment_status":"closed","ping_status":"closed","template":"elementor_header_footer","meta":{"_uag_custom_page_level_css":"","neve_meta_sidebar":"","neve_meta_container":"","neve_meta_enable_content_width":"","neve_meta_content_width":0,"neve_meta_title_alignment":"","neve_meta_author_avatar":"","neve_post_elements_order":"","neve_meta_disable_header":"","neve_meta_disable_footer":"","neve_meta_disable_title":"","neve_meta_reading_time":"","footnotes":""},"class_list":["post-7416","page","type-page","status-publish","hentry"],"uagb_featured_image_src":{"full":false,"thumbnail":false,"medium":false,"medium_large":false,"large":false,"1536x1536":false,"2048x2048":false,"trp-custom-language-flag":false,"neve-blog":false,"woocommerce_thumbnail":false,"woocommerce_single":false,"woocommerce_gallery_thumbnail":false},"uagb_author_info":{"display_name":"Excelentis","author_link":"https:\/\/excelentis.org\/es\/author\/excelentis\/"},"uagb_comment_info":0,"uagb_excerpt":"Affiliates Terms of Use As an authorized affiliate (Affiliate) of Excelentis, you agree to abide by the terms and conditions contained in this Agreement (Agreement). Please read the entire Agreement carefully before registering and promoting Excelentis as an Affiliate. Your participation in the Program is solely to legally advertise our website to receive a commission&hellip;&nbsp;Read&hellip;","_links":{"self":[{"href":"https:\/\/excelentis.org\/es\/wp-json\/wp\/v2\/pages\/7416","targetHints":{"allow":["GET"]}}],"collection":[{"href":"https:\/\/excelentis.org\/es\/wp-json\/wp\/v2\/pages"}],"about":[{"href":"https:\/\/excelentis.org\/es\/wp-json\/wp\/v2\/types\/page"}],"author":[{"embeddable":true,"href":"https:\/\/excelentis.org\/es\/wp-json\/wp\/v2\/users\/3"}],"replies":[{"embeddable":true,"href":"https:\/\/excelentis.org\/es\/wp-json\/wp\/v2\/comments?post=7416"}],"version-history":[{"count":0,"href":"https:\/\/excelentis.org\/es\/wp-json\/wp\/v2\/pages\/7416\/revisions"}],"wp:attachment":[{"href":"https:\/\/excelentis.org\/es\/wp-json\/wp\/v2\/media?parent=7416"}],"curies":[{"name":"wp","href":"https:\/\/api.w.org\/{rel}","templated":true}]}}