{"id":6028,"date":"2025-01-21T16:32:50","date_gmt":"2025-01-21T15:32:50","guid":{"rendered":"https:\/\/excelentis.org\/?page_id=6028"},"modified":"2025-03-23T00:14:08","modified_gmt":"2025-03-22T23:14:08","slug":"descargo-de-responsabilidad","status":"publish","type":"page","link":"https:\/\/excelentis.org\/es\/disclaimer\/","title":{"rendered":"Descargo de responsabilidad\u00a0"},"content":{"rendered":"<div data-elementor-type=\"wp-page\" data-elementor-id=\"6028\" class=\"elementor elementor-6028\" data-elementor-post-type=\"page\">\n\t\t\t\t<div data-particle_enable=\"false\" data-particle-mobile-disabled=\"false\" class=\"elementor-element elementor-element-2575b18a e-flex e-con-boxed e-con e-parent\" data-id=\"2575b18a\" data-element_type=\"container\" data-e-type=\"container\">\n\t\t\t\t\t<div class=\"e-con-inner\">\n\t\t\t\t<div class=\"elementor-element elementor-element-6172742d elementor-widget elementor-widget-text-editor\" data-id=\"6172742d\" data-element_type=\"widget\" data-e-type=\"widget\" data-widget_type=\"text-editor.default\">\n\t\t\t\t\t\t\t\t\t\n<h2 class=\"wp-block-heading\">Contenido del sitio web<\/h2>\n\n<p>La informaci\u00f3n facilitada en Excelentis.org s\u00f3lo tiene fines informativos generales. Si bien nos esforzamos por mantener la informaci\u00f3n actualizada y exacta, no hacemos representaciones o garant\u00edas de ning\u00fan tipo, expresa o impl\u00edcita, acerca de la integridad, exactitud, fiabilidad, adecuaci\u00f3n o disponibilidad de la informaci\u00f3n, productos, servicios o gr\u00e1ficos relacionados contenidos en el sitio web.<\/p>\n\n<h2 class=\"wp-block-heading\">Consejos m\u00e9dicos<\/h2>\n\n<p>El contenido de este sitio web no pretende sustituir el consejo, diagn\u00f3stico o tratamiento m\u00e9dico profesional. Consulte siempre a su m\u00e9dico u otro profesional sanitario cualificado si tiene alguna duda sobre su estado de salud. Nunca desestime el consejo m\u00e9dico profesional ni se demore en buscarlo por algo que haya le\u00eddo en este sitio web.<\/p>\n\n<h2 class=\"wp-block-heading\">Enlaces externos<\/h2>\n\n<p>Este sitio web puede contener enlaces a sitios web externos que no son proporcionados ni mantenidos por Excelentis.org. No garantizamos la exactitud, pertinencia, actualidad o integridad de la informaci\u00f3n contenida en estos sitios web externos.<\/p>\n\n<h2 class=\"wp-block-heading\">Limitaci\u00f3n de responsabilidad<\/h2>\n\n<p>En ning\u00fan caso Excelentis.org ser\u00e1 responsable de cualquier p\u00e9rdida o da\u00f1o, incluyendo sin limitaci\u00f3n, p\u00e9rdidas o da\u00f1os indirectos o consecuentes, o cualquier p\u00e9rdida o da\u00f1o derivado de la p\u00e9rdida de datos o beneficios que surjan de, o en conexi\u00f3n con, el uso de este sitio web.<\/p>\n\n<h2 class=\"wp-block-heading\">Cambios en el sitio web<\/h2>\n\n<p>Excelentis.org se reserva el derecho a realizar cambios en el sitio web, las pol\u00edticas y las condiciones de uso en cualquier momento y sin previo aviso. El uso continuado del sitio tras la publicaci\u00f3n de los cambios constituye su aceptaci\u00f3n de dichos cambios.<\/p>\n\n<h2 class=\"wp-block-heading\">Derecho aplicable<\/h2>\n\n<p>Este descargo de responsabilidad se rige e interpreta de acuerdo con las leyes de Albania, Tirana, y usted se somete irrevocablemente a la jurisdicci\u00f3n exclusiva de los tribunales de ese lugar.<\/p>\n\n<p>Utilizando <a href=\"https:\/\/excelentis.org\/es\/\"><strong>Excelentis.org<\/strong><\/a>Si no est\u00e1 de acuerdo con esta cl\u00e1usula de exenci\u00f3n de responsabilidad, le rogamos que no utilice nuestro sitio web. Si no est\u00e1 de acuerdo con esta cl\u00e1usula de exenci\u00f3n de responsabilidad, no utilice nuestro sitio web.<\/p>\n\n<p>Esta cl\u00e1usula de exenci\u00f3n de responsabilidad se actualiz\u00f3 por \u00faltima vez el 21 de enero de 2025.<\/p>\n\t\t\t\t\t\t\t\t<\/div>\n\t\t\t\t\t<\/div>\n\t\t\t\t<\/div>\n\t\t\t\t<\/div>","protected":false},"excerpt":{"rendered":"<p>Website Content The information provided on Excelentis.org is for general informational purposes only. While we strive to keep the information up to date and accurate, we make no representations or warranties of any kind, express or implied, about the completeness, accuracy, reliability, suitability, or availability of the information, products, services, or related graphics contained on&hellip;&nbsp;<\/p>\n<div class=\"read-more-wrapper\"><a href=\"https:\/\/excelentis.org\/es\/disclaimer\/\" class=\"button button-primary\" rel=\"bookmark\">Leer \"<span class=\"screen-reader-text\">Descargo de responsabilidad\u00a0<\/span><\/a><\/div>","protected":false},"author":3,"featured_media":0,"parent":0,"menu_order":0,"comment_status":"closed","ping_status":"closed","template":"elementor_header_footer","meta":{"_uag_custom_page_level_css":"","neve_meta_sidebar":"","neve_meta_container":"","neve_meta_enable_content_width":"","neve_meta_content_width":0,"neve_meta_title_alignment":"","neve_meta_author_avatar":"","neve_post_elements_order":"","neve_meta_disable_header":"","neve_meta_disable_footer":"","neve_meta_disable_title":"","neve_meta_reading_time":"","footnotes":""},"class_list":["post-6028","page","type-page","status-publish","hentry"],"uagb_featured_image_src":{"full":false,"thumbnail":false,"medium":false,"medium_large":false,"large":false,"1536x1536":false,"2048x2048":false,"trp-custom-language-flag":false,"neve-blog":false,"woocommerce_thumbnail":false,"woocommerce_single":false,"woocommerce_gallery_thumbnail":false},"uagb_author_info":{"display_name":"Excelentis","author_link":"https:\/\/excelentis.org\/es\/author\/excelentis\/"},"uagb_comment_info":0,"uagb_excerpt":"Website Content The information provided on Excelentis.org is for general informational purposes only. While we strive to keep the information up to date and accurate, we make no representations or warranties of any kind, express or implied, about the completeness, accuracy, reliability, suitability, or availability of the information, products, services, or related graphics contained on&hellip;&nbsp;Read&hellip;","_links":{"self":[{"href":"https:\/\/excelentis.org\/es\/wp-json\/wp\/v2\/pages\/6028","targetHints":{"allow":["GET"]}}],"collection":[{"href":"https:\/\/excelentis.org\/es\/wp-json\/wp\/v2\/pages"}],"about":[{"href":"https:\/\/excelentis.org\/es\/wp-json\/wp\/v2\/types\/page"}],"author":[{"embeddable":true,"href":"https:\/\/excelentis.org\/es\/wp-json\/wp\/v2\/users\/3"}],"replies":[{"embeddable":true,"href":"https:\/\/excelentis.org\/es\/wp-json\/wp\/v2\/comments?post=6028"}],"version-history":[{"count":0,"href":"https:\/\/excelentis.org\/es\/wp-json\/wp\/v2\/pages\/6028\/revisions"}],"wp:attachment":[{"href":"https:\/\/excelentis.org\/es\/wp-json\/wp\/v2\/media?parent=6028"}],"curies":[{"name":"wp","href":"https:\/\/api.w.org\/{rel}","templated":true}]}}