{"id":7416,"date":"2025-03-23T00:06:45","date_gmt":"2025-03-22T23:06:45","guid":{"rendered":"https:\/\/excelentis.org\/?page_id=7416"},"modified":"2025-03-23T00:08:54","modified_gmt":"2025-03-22T23:08:54","slug":"partner-nutzungsbedingungen","status":"publish","type":"page","link":"https:\/\/excelentis.org\/de\/affiliate-terms-of-use\/","title":{"rendered":"Partner-Nutzungsbedingungen"},"content":{"rendered":"<div data-elementor-type=\"wp-page\" data-elementor-id=\"7416\" class=\"elementor elementor-7416\" data-elementor-post-type=\"page\">\n\t\t\t\t<div data-particle_enable=\"false\" data-particle-mobile-disabled=\"false\" class=\"elementor-element elementor-element-67b037af e-flex e-con-boxed e-con e-parent\" data-id=\"67b037af\" data-element_type=\"container\" data-e-type=\"container\">\n\t\t\t\t\t<div class=\"e-con-inner\">\n\t\t\t\t<div class=\"elementor-element elementor-element-155cd101 elementor-widget elementor-widget-text-editor\" data-id=\"155cd101\" data-element_type=\"widget\" data-e-type=\"widget\" data-widget_type=\"text-editor.default\">\n\t\t\t\t\t\t\t\t\t<h1 id=\"approval-or-rejection\">Nutzungsbedingungen f\u00fcr Affiliates<\/h1>\n\n<p>Als autorisierter Partner (Affiliate) von Excelentis verpflichten Sie sich, die in dieser Vereinbarung (Vereinbarung) enthaltenen Bestimmungen und Bedingungen einzuhalten. Bitte lesen Sie die gesamte Vereinbarung sorgf\u00e4ltig durch, bevor Sie sich registrieren und Excelentis als Affiliate bewerben.<\/p>\n\n<p>Ihre Teilnahme am Programm dient ausschlie\u00dflich der legalen Werbung f\u00fcr unsere Website, um eine Provision f\u00fcr Mitgliedschaften und Produkte zu erhalten, die von Personen gekauft werden, die durch Ihre eigene Website oder pers\u00f6nliche Empfehlungen an Excelentis verwiesen wurden.<\/p>\n\n<p>Mit der Anmeldung zum Excelentis-Partnerprogramm (Programm) erkl\u00e4ren Sie Ihr Einverst\u00e4ndnis mit diesem Vertrag und seinen Bedingungen.<\/p>\n\n<h2 class=\"wp-block-heading\" id=\"approval-or-rejection\">Genehmigung oder Ablehnung des Antrags<\/h2>\n\n<p>Wir behalten uns das Recht vor, JEDEN Antrag auf ein Partnerprogramm nach unserem alleinigen und absoluten Ermessen zu genehmigen oder abzulehnen. Sie haben keinen Rechtsanspruch gegen uns f\u00fcr die Ablehnung Ihres Partnerprogrammantrags.<\/p>\n\n<h2 class=\"wp-block-heading\" id=\"commissions\">Provisionen<\/h2>\n\n<p>Die Provisionen werden einmal im Monat ausgezahlt. Damit ein Partner eine Provision erh\u00e4lt, muss das geworbene Konto mindestens 31 Tage lang aktiv bleiben.<\/p>\n\n<p>Sie k\u00f6nnen sich nicht selbst werben, und Sie erhalten keine Provision f\u00fcr Ihre eigenen Konten.<\/p>\n\n<p>Zahlungen werden nur f\u00fcr erfolgreich abgeschlossene Transaktionen get\u00e4tigt. Transaktionen, die zu R\u00fcckbuchungen oder Erstattungen f\u00fchren, werden nicht ausgezahlt.<\/p>\n\n<h2 class=\"wp-block-heading\" id=\"termination\">Terminierung<\/h2>\n\n<p>Ihre Bewerbung als Partner und Ihr Status im Programm k\u00f6nnen aus einem der folgenden Gr\u00fcnde ausgesetzt oder gek\u00fcndigt werden:<\/p>\n\n<ul class=\"wp-block-list\">\n<li>Unangemessene Werbung (falsche Behauptungen, irref\u00fchrende Hyperlinks usw.).<\/li>\n<li>Spamming (Massen-E-Mails, Massen-Postings in Newsgroups usw.).<\/li>\n<li>Werbung auf Websites, die illegale Aktivit\u00e4ten enthalten oder f\u00f6rdern.<\/li>\n<li>Das Vers\u00e4umnis, die Beziehung zu einem Partner bei einer Werbeaktion offenzulegen, die nach den bestehenden Richtlinien und Vorschriften der Federal Trade Commission oder nach den geltenden Gesetzen der einzelnen Bundesstaaten als Empfehlung gilt.<\/li>\n<li>Verletzung der Rechte an geistigem Eigentum. Excelentis beh\u00e4lt sich das Recht vor, von denjenigen, die Marken von Excelentis verwenden, Lizenzvereinbarungen zu verlangen, um unsere geistigen Eigentumsrechte zu sch\u00fctzen.<\/li>\n<li>Das Anbieten von Rabatten, Gutscheinen oder anderen Formen von versprochenen R\u00fcckverg\u00fctungen von Ihrer Partnerprovision als Anreiz. Das Hinzuf\u00fcgen von Boni oder das B\u00fcndeln von anderen Produkten mit Excelentis ist jedoch zul\u00e4ssig.<\/li>\n<li>Selbstempfehlungen, betr\u00fcgerische Transaktionen, Verdacht auf Affiliate-Betrug.<\/li>\n<\/ul>\n\n<p>Dar\u00fcber hinaus beh\u00e4lt sich Excelentis das Recht vor, jedes Partnerkonto jederzeit zu k\u00fcndigen, sei es bei Verst\u00f6\u00dfen gegen diese Vereinbarung oder ohne Grund.<\/p>\n\n<h2 class=\"wp-block-heading\" id=\"affiliate-links\">Angegliederte Links<\/h2>\n\n<p>Sie k\u00f6nnen Grafik- und Textlinks sowohl auf Ihrer Website als auch in Ihren E-Mail-Nachrichten verwenden. Sie k\u00f6nnen auch in Online- und Offline-Kleinanzeigen, Zeitschriften und Zeitungen f\u00fcr die Excelentis-Website werben.<\/p>\n\n<p>Sie k\u00f6nnen die von uns zur Verf\u00fcgung gestellten Grafiken und Texte verwenden oder eigene erstellen, solange diese den Bedingungen entsprechen und nicht gegen die Bestimmungen im Abschnitt \"K\u00fcndigung\" versto\u00dfen.<\/p>\n\n<h2 class=\"wp-block-heading\" id=\"coupon-and-deal-sites\">Coupon und Deal Seiten<\/h2>\n\n<p>Excelentis bietet ausgew\u00e4hlten Partnern und unseren Newsletter-Abonnenten gelegentlich Gutscheine an. Wenn Sie nicht im Voraus f\u00fcr einen Markengutschein zugelassen\/zugewiesen wurden, d\u00fcrfen Sie diesen nicht bewerben. Im Folgenden finden Sie die Bedingungen, die f\u00fcr jeden Partner gelten, der die Werbung f\u00fcr unsere Produkte in Verbindung mit einem Deal oder Gutschein in Betracht zieht:<\/p>\n\n<ul class=\"wp-block-list\">\n<li>Affiliates d\u00fcrfen keinen irref\u00fchrenden Text auf Affiliate-Links, Schaltfl\u00e4chen oder Bildern verwenden, um zu suggerieren, dass irgendetwas anderes als die derzeit genehmigten Angebote f\u00fcr den jeweiligen Affiliate gilt.<\/li>\n<li>Affiliates d\u00fcrfen nicht auf Excelentis-Gutscheine, Excelentis-Rabatte oder andere Formulierungen bieten, die implizieren, dass Gutscheine verf\u00fcgbar sind.<\/li>\n<li>Partner d\u00fcrfen keine Pop-Ups, Pop-Unders, Iframes, Frames oder andere sichtbare oder unsichtbare Aktionen generieren, die Partner-Cookies setzen, es sei denn, der Nutzer hat ein klares und ausdr\u00fcckliches Interesse an der Aktivierung einer bestimmten Ersparnis bekundet, indem er auf einen deutlich gekennzeichneten Link, eine Schaltfl\u00e4che oder ein Bild f\u00fcr diesen speziellen Coupon oder Deal geklickt hat. Ihr Link muss den Besucher auf die H\u00e4ndlerseite weiterleiten.<\/li>\n<li>Der Nutzer muss in der Lage sein, Informationen und Details zu Gutscheinen\/Abschl\u00fcssen\/Sparangeboten zu sehen, bevor ein Affiliate-Cookie gesetzt wird (d. h. \"Klicken Sie hier, um Gutscheine zu sehen und ein Fenster zur H\u00e4ndlerseite zu \u00f6ffnen\" ist NICHT zul\u00e4ssig).<\/li>\n<li>Partner-Websites d\u00fcrfen nicht den Text \"Click for (or to see) Deal\/Coupon\" oder eine Abwandlung davon enthalten, wenn keine Gutscheine oder Angebote verf\u00fcgbar sind und der Klick die H\u00e4ndlerseite \u00f6ffnet oder ein Cookie setzt. Affiliates mit einem solchen Text auf der H\u00e4ndler-Landingpage werden sofort aus dem Programm entfernt.<\/li>\n<\/ul>\n\n<h2 class=\"wp-block-heading\" id=\"ppc-policy\">Pay-Per-Click (PPC) Politik<\/h2>\n\n<p>PPC-Gebote sind ohne vorherige schriftliche Genehmigung NICHT erlaubt.<\/p>\n\n<h2 class=\"wp-block-heading\" id=\"liability\">Haftung<\/h2>\n\n<p>Excelentis haftet nicht f\u00fcr indirekte oder zuf\u00e4llige Sch\u00e4den (Einkommensverluste, Provisionen) aufgrund von Fehlern beim Affiliate-Tracking, Verlust von Datenbankdateien oder jeglicher Ergebnisse, die das Programm und\/oder unsere Website(s) sch\u00e4digen k\u00f6nnten.<\/p>\n\n<p>Wir geben keine ausdr\u00fccklichen oder stillschweigenden Garantien in Bezug auf das Programm und\/oder die von Excelentis verkauften Mitgliedschaften oder Produkte. Wir erheben keinen Anspruch darauf, dass der Betrieb des Programms und\/oder unserer Website(s) fehlerfrei ist, und wir haften nicht f\u00fcr etwaige Unterbrechungen oder Fehler.<\/p>\n\n<h2 class=\"wp-block-heading\" id=\"term-of-agreement\">Laufzeit des Abkommens<\/h2>\n\n<p>Die Laufzeit dieser Vereinbarung beginnt mit Ihrer Aufnahme in das Programm und endet, wenn Ihr Partnerkonto gek\u00fcndigt wird.<\/p>\n\n<p>Die Bedingungen dieser Vereinbarung k\u00f6nnen von uns jederzeit ge\u00e4ndert werden. Wenn eine \u00c4nderung der Bedingungen dieser Vereinbarung f\u00fcr Sie nicht akzeptabel ist, bleibt Ihnen nur die M\u00f6glichkeit, Ihr Partnerkonto zu k\u00fcndigen. Durch Ihre weitere Teilnahme am Programm erkl\u00e4ren Sie sich mit den \u00c4nderungen einverstanden.<\/p>\n\n<h2 class=\"wp-block-heading\" id=\"indemnification\">Entsch\u00e4digung<\/h2>\n\n<p>Das verbundene Unternehmen h\u00e4lt Excelentis und seine verbundenen Unternehmen und Tochtergesellschaften, leitenden Angestellten, Direktoren, Mitarbeiter, Lizenznehmer, Nachfolger und Bevollm\u00e4chtigten, einschlie\u00dflich derjenigen, die von Excelentis lizenziert oder erm\u00e4chtigt wurden, Materialien zu \u00fcbermitteln und zu verteilen, schadlos von jeglicher Haftung, von Sch\u00e4den, Geldstrafen, Urteilen, Anspr\u00fcchen, Kosten, Verlusten und Ausgaben (einschlie\u00dflich angemessener Anwalts- und Gerichtskosten), die sich aus oder im Zusammenhang mit jeglichen Anspr\u00fcchen ergeben, die in Verbindung mit diesem Vertrag aufgrund von Fahrl\u00e4ssigkeit, falschen Angaben, unterlassener Offenlegung oder vors\u00e4tzlichem Fehlverhalten des verbundenen Unternehmens entstanden sind.<\/p>\n\n<h2 class=\"wp-block-heading\" id=\"electronic-signatures-effective\">Elektronische Signaturen wirksam<\/h2>\n\n<p>Die Vereinbarung ist ein elektronischer Vertrag, der die rechtsverbindlichen Bedingungen f\u00fcr Ihre Teilnahme am Excelentis-Partnerprogramm festlegt. Mit dem Ausf\u00fcllen des Excelentis-Antrags erkl\u00e4ren Sie Ihr Einverst\u00e4ndnis mit diesem Vertrag und allen darin enthaltenen oder erw\u00e4hnten Bedingungen. Diese Aktion erzeugt eine elektronische Unterschrift, die die gleiche Rechtskraft und Wirkung hat wie eine handschriftliche Unterschrift.<\/p>\n\n<p>\u00a0<\/p>\t\t\t\t\t\t\t\t<\/div>\n\t\t\t\t\t<\/div>\n\t\t\t\t<\/div>\n\t\t\t\t<\/div>","protected":false},"excerpt":{"rendered":"<p>Affiliates Terms of Use As an authorized affiliate (Affiliate) of Excelentis, you agree to abide by the terms and conditions contained in this Agreement (Agreement). Please read the entire Agreement carefully before registering and promoting Excelentis as an Affiliate. Your participation in the Program is solely to legally advertise our website to receive a commission&hellip;&nbsp;<\/p>\n<div class=\"read-more-wrapper\"><a href=\"https:\/\/excelentis.org\/de\/affiliate-terms-of-use\/\" class=\"button button-primary\" rel=\"bookmark\">Lesen \"<span class=\"screen-reader-text\">Partner-Nutzungsbedingungen<\/span><\/a><\/div>","protected":false},"author":3,"featured_media":0,"parent":0,"menu_order":0,"comment_status":"closed","ping_status":"closed","template":"elementor_header_footer","meta":{"_uag_custom_page_level_css":"","neve_meta_sidebar":"","neve_meta_container":"","neve_meta_enable_content_width":"","neve_meta_content_width":0,"neve_meta_title_alignment":"","neve_meta_author_avatar":"","neve_post_elements_order":"","neve_meta_disable_header":"","neve_meta_disable_footer":"","neve_meta_disable_title":"","neve_meta_reading_time":"","footnotes":""},"class_list":["post-7416","page","type-page","status-publish","hentry"],"uagb_featured_image_src":{"full":false,"thumbnail":false,"medium":false,"medium_large":false,"large":false,"1536x1536":false,"2048x2048":false,"trp-custom-language-flag":false,"neve-blog":false,"woocommerce_thumbnail":false,"woocommerce_single":false,"woocommerce_gallery_thumbnail":false},"uagb_author_info":{"display_name":"Excelentis","author_link":"https:\/\/excelentis.org\/de\/author\/excelentis\/"},"uagb_comment_info":0,"uagb_excerpt":"Affiliates Terms of Use As an authorized affiliate (Affiliate) of Excelentis, you agree to abide by the terms and conditions contained in this Agreement (Agreement). Please read the entire Agreement carefully before registering and promoting Excelentis as an Affiliate. Your participation in the Program is solely to legally advertise our website to receive a commission&hellip;&nbsp;Read&hellip;","_links":{"self":[{"href":"https:\/\/excelentis.org\/de\/wp-json\/wp\/v2\/pages\/7416","targetHints":{"allow":["GET"]}}],"collection":[{"href":"https:\/\/excelentis.org\/de\/wp-json\/wp\/v2\/pages"}],"about":[{"href":"https:\/\/excelentis.org\/de\/wp-json\/wp\/v2\/types\/page"}],"author":[{"embeddable":true,"href":"https:\/\/excelentis.org\/de\/wp-json\/wp\/v2\/users\/3"}],"replies":[{"embeddable":true,"href":"https:\/\/excelentis.org\/de\/wp-json\/wp\/v2\/comments?post=7416"}],"version-history":[{"count":0,"href":"https:\/\/excelentis.org\/de\/wp-json\/wp\/v2\/pages\/7416\/revisions"}],"wp:attachment":[{"href":"https:\/\/excelentis.org\/de\/wp-json\/wp\/v2\/media?parent=7416"}],"curies":[{"name":"wp","href":"https:\/\/api.w.org\/{rel}","templated":true}]}}