{"id":6084,"date":"2025-01-28T13:32:44","date_gmt":"2025-01-28T12:32:44","guid":{"rendered":"https:\/\/excelentis.org\/?page_id=6084"},"modified":"2025-01-28T13:32:47","modified_gmt":"2025-01-28T12:32:47","slug":"erklarung-zur-barrierefreiheit-im-internet","status":"publish","type":"page","link":"https:\/\/excelentis.org\/de\/web-accessibility-statement\/","title":{"rendered":"Erkl\u00e4rung zur Barrierefreiheit im Internet"},"content":{"rendered":"<p>Web Accessibility Statement for Excelentis verpflichtet sich, die digitale Zug\u00e4nglichkeit f\u00fcr Menschen mit Behinderungen zu gew\u00e4hrleisten. Wir arbeiten kontinuierlich an der Verbesserung der Benutzerfreundlichkeit f\u00fcr alle und wenden die entsprechenden Zug\u00e4nglichkeitsstandards an.<\/p>\n\n\n\n<h2 class=\"wp-block-heading\">Ma\u00dfnahmen zur Unterst\u00fctzung der Barrierefreiheit<\/h2>\n\n\n\n<p>Excelentis ergreift die folgenden Ma\u00dfnahmen, um die Zug\u00e4nglichkeit zu gew\u00e4hrleisten:<\/p>\n\n\n\n<ul class=\"wp-block-list\">\n<li>Aufnahme der Barrierefreiheit in unser Leitbild<\/li>\n\n\n\n<li>Einbeziehung der Barrierefreiheit in alle unsere internen Politikbereiche<\/li>\n\n\n\n<li>Fortlaufende Schulungen zur Barrierefreiheit f\u00fcr unser Personal<\/li>\n\n\n\n<li>Zuweisung klarer Erreichbarkeitsziele und Verantwortlichkeiten<\/li>\n<\/ul>\n\n\n\n<h2 class=\"wp-block-heading\">Status der Konformit\u00e4t<\/h2>\n\n\n\n<p>Die Web Content Accessibility Guidelines (WCAG) definieren Anforderungen an Designer und Entwickler, um die Zug\u00e4nglichkeit f\u00fcr Menschen mit Behinderungen zu verbessern. Sie definieren drei Stufen der Konformit\u00e4t: Stufe A, Stufe AA und Stufe AAA. Excelentis ist teilweise konform mit WCAG 2.1 Stufe AA. Teilweise Konformit\u00e4t bedeutet, dass einige Teile des Inhalts nicht vollst\u00e4ndig mit den Zug\u00e4nglichkeitsstandards \u00fcbereinstimmen. Diese Erkl\u00e4rung wurde am 28.01.2025 erstellt.<\/p>\n\n\n\n<p><a href=\"https:\/\/excelentis.org\/de\/\"><strong>Zur\u00fcck nach Hause<\/strong><\/a><\/p>","protected":false},"excerpt":{"rendered":"<p>Web Accessibility Statement for Excelentis is committed to ensuring digital accessibility for people with disabilities. We are continually improving the user experience for everyone and applying the relevant accessibility standards. Measures to Support Accessibility Excelentis takes the following measures to ensure accessibility: Conformance Status The Web Content Accessibility Guidelines (WCAG) define requirements for designers and&hellip;&nbsp;<\/p>\n<div class=\"read-more-wrapper\"><a href=\"https:\/\/excelentis.org\/de\/web-accessibility-statement\/\" class=\"button button-primary\" rel=\"bookmark\">Lesen \"<span class=\"screen-reader-text\">Erkl\u00e4rung zur Barrierefreiheit im Internet<\/span><\/a><\/div>","protected":false},"author":3,"featured_media":0,"parent":0,"menu_order":0,"comment_status":"closed","ping_status":"closed","template":"","meta":{"_uag_custom_page_level_css":"","neve_meta_sidebar":"","neve_meta_container":"","neve_meta_enable_content_width":"","neve_meta_content_width":0,"neve_meta_title_alignment":"","neve_meta_author_avatar":"","neve_post_elements_order":"","neve_meta_disable_header":"","neve_meta_disable_footer":"","neve_meta_disable_title":"","neve_meta_reading_time":"","footnotes":""},"class_list":["post-6084","page","type-page","status-publish","hentry"],"uagb_featured_image_src":{"full":false,"thumbnail":false,"medium":false,"medium_large":false,"large":false,"1536x1536":false,"2048x2048":false,"trp-custom-language-flag":false,"neve-blog":false,"woocommerce_thumbnail":false,"woocommerce_single":false,"woocommerce_gallery_thumbnail":false},"uagb_author_info":{"display_name":"Excelentis","author_link":"https:\/\/excelentis.org\/de\/author\/excelentis\/"},"uagb_comment_info":0,"uagb_excerpt":"Web Accessibility Statement for Excelentis is committed to ensuring digital accessibility for people with disabilities. We are continually improving the user experience for everyone and applying the relevant accessibility standards. Measures to Support Accessibility Excelentis takes the following measures to ensure accessibility: Conformance Status The Web Content Accessibility Guidelines (WCAG) define requirements for designers and&hellip;&nbsp;Read&hellip;","_links":{"self":[{"href":"https:\/\/excelentis.org\/de\/wp-json\/wp\/v2\/pages\/6084","targetHints":{"allow":["GET"]}}],"collection":[{"href":"https:\/\/excelentis.org\/de\/wp-json\/wp\/v2\/pages"}],"about":[{"href":"https:\/\/excelentis.org\/de\/wp-json\/wp\/v2\/types\/page"}],"author":[{"embeddable":true,"href":"https:\/\/excelentis.org\/de\/wp-json\/wp\/v2\/users\/3"}],"replies":[{"embeddable":true,"href":"https:\/\/excelentis.org\/de\/wp-json\/wp\/v2\/comments?post=6084"}],"version-history":[{"count":0,"href":"https:\/\/excelentis.org\/de\/wp-json\/wp\/v2\/pages\/6084\/revisions"}],"wp:attachment":[{"href":"https:\/\/excelentis.org\/de\/wp-json\/wp\/v2\/media?parent=6084"}],"curies":[{"name":"wp","href":"https:\/\/api.w.org\/{rel}","templated":true}]}}